{"id":771,"date":"2024-04-16T01:00:45","date_gmt":"2024-04-16T05:00:45","guid":{"rendered":"https:\/\/artwheels.ca\/about\/"},"modified":"2025-04-24T11:49:18","modified_gmt":"2025-04-24T15:49:18","slug":"about","status":"publish","type":"page","link":"https:\/\/artwheels.ca\/fr\/about\/","title":{"rendered":"\u00c0 propos"},"content":{"rendered":"<div data-elementor-type=\"wp-post\" data-elementor-id=\"771\" class=\"elementor elementor-771\">\n\t\t\t\t<div class=\"elementor-element elementor-element-dc51d6c e-flex e-con-boxed e-con e-parent\" data-id=\"dc51d6c\" data-element_type=\"container\" data-e-type=\"container\" data-settings=\"{&quot;background_background&quot;:&quot;classic&quot;}\">\n\t\t\t\t\t<div class=\"e-con-inner\">\n\t\t<div class=\"elementor-element elementor-element-9741626 e-con-full e-flex e-con e-child\" data-id=\"9741626\" data-element_type=\"container\" data-e-type=\"container\">\n\t\t\t\t<div class=\"elementor-element elementor-element-2269cad elementor-widget elementor-widget-heading\" data-id=\"2269cad\" data-element_type=\"widget\" data-e-type=\"widget\" data-widget_type=\"heading.default\">\n\t\t\t\t<div class=\"elementor-widget-container\">\n\t\t\t\t\t<h1 class=\"elementor-heading-title elementor-size-default\">Pourquoi nous ?<\/h1>\t\t\t\t<\/div>\n\t\t\t\t<\/div>\n\t\t\t\t<\/div>\n\t\t\t\t\t<\/div>\n\t\t\t\t<\/div>\n\t\t<div class=\"elementor-element elementor-element-5e5b1dc e-flex e-con-boxed e-con e-parent\" data-id=\"5e5b1dc\" data-element_type=\"container\" data-e-type=\"container\">\n\t\t\t\t\t<div class=\"e-con-inner\">\n\t\t<div class=\"elementor-element elementor-element-7387885 e-con-full e-flex e-con e-child\" data-id=\"7387885\" data-element_type=\"container\" data-e-type=\"container\">\n\t\t<div class=\"elementor-element elementor-element-14934c7 e-flex e-con-boxed e-con e-child\" data-id=\"14934c7\" data-element_type=\"container\" data-e-type=\"container\">\n\t\t\t\t\t<div class=\"e-con-inner\">\n\t\t<div class=\"elementor-element elementor-element-79773a3 e-con-full e-flex e-con e-child\" data-id=\"79773a3\" data-element_type=\"container\" data-e-type=\"container\">\n\t\t\t\t<div class=\"elementor-element elementor-element-9fc08de elementor-widget elementor-widget-heading\" data-id=\"9fc08de\" data-element_type=\"widget\" data-e-type=\"widget\" data-widget_type=\"heading.default\">\n\t\t\t\t<div class=\"elementor-widget-container\">\n\t\t\t\t\t<h3 class=\"elementor-heading-title elementor-size-default\">Dans une foule de roues, ART Wheels se d\u00e9marque ! Et voici pourquoi...<\/h3>\t\t\t\t<\/div>\n\t\t\t\t<\/div>\n\t\t\t\t<div class=\"elementor-element elementor-element-96effce elementor-widget elementor-widget-heading\" data-id=\"96effce\" data-element_type=\"widget\" data-e-type=\"widget\" data-widget_type=\"heading.default\">\n\t\t\t\t<div class=\"elementor-widget-container\">\n\t\t\t\t\t<h5 class=\"elementor-heading-title elementor-size-default\">Suivez-nous<\/h5>\t\t\t\t<\/div>\n\t\t\t\t<\/div>\n\t\t\t\t<div class=\"elementor-element elementor-element-4261d29 e-grid-align-left elementor-shape-rounded elementor-grid-0 elementor-widget elementor-widget-social-icons\" data-id=\"4261d29\" data-element_type=\"widget\" data-e-type=\"widget\" data-widget_type=\"social-icons.default\">\n\t\t\t\t<div class=\"elementor-widget-container\">\n\t\t\t\t\t\t\t<div class=\"elementor-social-icons-wrapper elementor-grid\" role=\"list\">\n\t\t\t\t\t\t\t<span class=\"elementor-grid-item\" role=\"listitem\">\n\t\t\t\t\t<a class=\"elementor-icon elementor-social-icon elementor-social-icon-facebook elementor-repeater-item-a1fbf10\" href=\"https:\/\/www.facebook.com\/profile.php?id=61575234972337\" target=\"_blank\">\n\t\t\t\t\t\t<span class=\"elementor-screen-only\">Facebook<\/span>\n\t\t\t\t\t\t<svg aria-hidden=\"true\" class=\"e-font-icon-svg e-fab-facebook\" viewbox=\"0 0 512 512\" xmlns=\"http:\/\/www.w3.org\/2000\/svg\"><path d=\"M504 256C504 119 393 8 256 8S8 119 8 256c0 123.78 90.69 226.38 209.25 245V327.69h-63V256h63v-54.64c0-62.15 37-96.48 93.67-96.48 27.14 0 55.52 4.84 55.52 4.84v61h-31.28c-30.8 0-40.41 19.12-40.41 38.73V256h68.78l-11 71.69h-57.78V501C413.31 482.38 504 379.78 504 256z\"><\/path><\/svg>\t\t\t\t\t<\/a>\n\t\t\t\t<\/span>\n\t\t\t\t\t\t\t<span class=\"elementor-grid-item\" role=\"listitem\">\n\t\t\t\t\t<a class=\"elementor-icon elementor-social-icon elementor-social-icon-youtube elementor-repeater-item-e9a8a55\" href=\"https:\/\/www.youtube.com\/@daiwheels1868\" target=\"_blank\">\n\t\t\t\t\t\t<span class=\"elementor-screen-only\">Youtube<\/span>\n\t\t\t\t\t\t<svg aria-hidden=\"true\" class=\"e-font-icon-svg e-fab-youtube\" viewbox=\"0 0 576 512\" xmlns=\"http:\/\/www.w3.org\/2000\/svg\"><path d=\"M549.655 124.083c-6.281-23.65-24.787-42.276-48.284-48.597C458.781 64 288 64 288 64S117.22 64 74.629 75.486c-23.497 6.322-42.003 24.947-48.284 48.597-11.412 42.867-11.412 132.305-11.412 132.305s0 89.438 11.412 132.305c6.281 23.65 24.787 41.5 48.284 47.821C117.22 448 288 448 288 448s170.78 0 213.371-11.486c23.497-6.321 42.003-24.171 48.284-47.821 11.412-42.867 11.412-132.305 11.412-132.305s0-89.438-11.412-132.305zm-317.51 213.508V175.185l142.739 81.205-142.739 81.201z\"><\/path><\/svg>\t\t\t\t\t<\/a>\n\t\t\t\t<\/span>\n\t\t\t\t\t\t\t<span class=\"elementor-grid-item\" role=\"listitem\">\n\t\t\t\t\t<a class=\"elementor-icon elementor-social-icon elementor-social-icon-linkedin elementor-repeater-item-02f6abf\" href=\"https:\/\/www.linkedin.com\/company\/pi%C3%A8ces-d&#039;autos-transbec-inc\/\" target=\"_blank\">\n\t\t\t\t\t\t<span class=\"elementor-screen-only\">Linkedin<\/span>\n\t\t\t\t\t\t<svg aria-hidden=\"true\" class=\"e-font-icon-svg e-fab-linkedin\" viewbox=\"0 0 448 512\" xmlns=\"http:\/\/www.w3.org\/2000\/svg\"><path d=\"M416 32H31.9C14.3 32 0 46.5 0 64.3v383.4C0 465.5 14.3 480 31.9 480H416c17.6 0 32-14.5 32-32.3V64.3c0-17.8-14.4-32.3-32-32.3zM135.4 416H69V202.2h66.5V416zm-33.2-243c-21.3 0-38.5-17.3-38.5-38.5S80.9 96 102.2 96c21.2 0 38.5 17.3 38.5 38.5 0 21.3-17.2 38.5-38.5 38.5zm282.1 243h-66.4V312c0-24.8-.5-56.7-34.5-56.7-34.6 0-39.9 27-39.9 54.9V416h-66.4V202.2h63.7v29.2h.9c8.9-16.8 30.6-34.5 62.9-34.5 67.2 0 79.7 44.3 79.7 101.9V416z\"><\/path><\/svg>\t\t\t\t\t<\/a>\n\t\t\t\t<\/span>\n\t\t\t\t\t<\/div>\n\t\t\t\t\t\t<\/div>\n\t\t\t\t<\/div>\n\t\t\t\t<\/div>\n\t\t<div class=\"elementor-element elementor-element-aa79c84 e-con-full e-flex e-con e-child\" data-id=\"aa79c84\" data-element_type=\"container\" data-e-type=\"container\">\n\t\t\t\t<div class=\"elementor-element elementor-element-14f3137 elementor-widget elementor-widget-text-editor\" data-id=\"14f3137\" data-element_type=\"widget\" data-e-type=\"widget\" data-widget_type=\"text-editor.default\">\n\t\t\t\t<div class=\"elementor-widget-container\">\n\t\t\t\t\t\t\t\t\t<p>Nos roues offrent une combinaison in\u00e9gal\u00e9e de qualit\u00e9, de prix et d'options de personnalisation, ce qui en fait le choix id\u00e9al pour les clients qui souhaitent am\u00e9liorer l'apparence de leur v\u00e9hicule sans d\u00e9penser une fortune.<\/p><p>Elles sont fabriqu\u00e9es avec pr\u00e9cision et souci du d\u00e9tail, garantissant un ajustement parfait et une finition digne d'une salle d'exposition, tandis que nos prix abordables et notre vari\u00e9t\u00e9 de mod\u00e8les permettent aux clients d'exprimer leur style personnel et de s'adapter \u00e0 leurs go\u00fbts uniques.<\/p><p>En plus, toutes nos roues b\u00e9n\u00e9ficient d'une GARANTIE STRUCTURELLE \u00c0 VIE, d'une GARANTIE DE FINITION DE 3 ANS pour nos roues unicolores et d'une GARANTIE DE FINITION DE 1 AN pour toutes nos roues usin\u00e9es.<\/p>\t\t\t\t\t\t\t\t<\/div>\n\t\t\t\t<\/div>\n\t\t<div class=\"elementor-element elementor-element-aae9f44 e-con-full e-flex e-con e-child\" data-id=\"aae9f44\" data-element_type=\"container\" data-e-type=\"container\">\n\t\t\t\t<div class=\"elementor-element elementor-element-acbb242 elementor-widget__width-auto elementor-widget elementor-widget-counter\" data-id=\"acbb242\" data-element_type=\"widget\" data-e-type=\"widget\" data-widget_type=\"counter.default\">\n\t\t\t\t<div class=\"elementor-widget-container\">\n\t\t\t\t\t\t\t<div class=\"elementor-counter\">\n\t\t\t<div class=\"elementor-counter-title\">APPLICATIONS<\/div>\t\t\t<div class=\"elementor-counter-number-wrapper\">\n\t\t\t\t<span class=\"elementor-counter-number-prefix\"><\/span>\n\t\t\t\t<span class=\"elementor-counter-number\" data-duration=\"2000\" data-to-value=\"35000\" data-from-value=\"0\" data-delimiter=\",\">0<\/span>\n\t\t\t\t<span class=\"elementor-counter-number-suffix\">+<\/span>\n\t\t\t<\/div>\n\t\t<\/div>\n\t\t\t\t\t\t<\/div>\n\t\t\t\t<\/div>\n\t\t\t\t<div class=\"elementor-element elementor-element-e3923ab elementor-widget__width-auto elementor-widget elementor-widget-counter\" data-id=\"e3923ab\" data-element_type=\"widget\" data-e-type=\"widget\" data-widget_type=\"counter.default\">\n\t\t\t\t<div class=\"elementor-widget-container\">\n\t\t\t\t\t\t\t<div class=\"elementor-counter\">\n\t\t\t<div class=\"elementor-counter-title\">CLIENTS SATISFAITS<\/div>\t\t\t<div class=\"elementor-counter-number-wrapper\">\n\t\t\t\t<span class=\"elementor-counter-number-prefix\"><\/span>\n\t\t\t\t<span class=\"elementor-counter-number\" data-duration=\"2000\" data-to-value=\"5000\" data-from-value=\"0\" data-delimiter=\",\">0<\/span>\n\t\t\t\t<span class=\"elementor-counter-number-suffix\">+<\/span>\n\t\t\t<\/div>\n\t\t<\/div>\n\t\t\t\t\t\t<\/div>\n\t\t\t\t<\/div>\n\t\t\t\t<\/div>\n\t\t\t\t<\/div>\n\t\t\t\t\t<\/div>\n\t\t\t\t<\/div>\n\t\t\t\t<\/div>\n\t\t\t\t\t<\/div>\n\t\t\t\t<\/div>\n\t\t<div class=\"elementor-element elementor-element-9bf79e4 e-con-full e-flex e-con e-parent\" data-id=\"9bf79e4\" data-element_type=\"container\" data-e-type=\"container\">\n\t\t\t\t<\/div>\n\t\t<div class=\"elementor-element elementor-element-4617682 e-flex e-con-boxed e-con e-parent\" data-id=\"4617682\" data-element_type=\"container\" data-e-type=\"container\" data-settings=\"{&quot;background_background&quot;:&quot;classic&quot;}\">\n\t\t\t\t\t<div class=\"e-con-inner\">\n\t\t<div class=\"elementor-element elementor-element-72d9c1a e-con-full e-flex e-con e-child\" data-id=\"72d9c1a\" data-element_type=\"container\" data-e-type=\"container\">\n\t\t<div class=\"elementor-element elementor-element-73503f4 e-flex e-con-boxed e-con e-child\" data-id=\"73503f4\" data-element_type=\"container\" data-e-type=\"container\">\n\t\t\t\t\t<div class=\"e-con-inner\">\n\t\t<div class=\"elementor-element elementor-element-105f098 e-con-full e-flex e-con e-child\" data-id=\"105f098\" data-element_type=\"container\" data-e-type=\"container\">\n\t\t\t\t<div class=\"elementor-element elementor-element-7bac6a9 elementor-widget elementor-widget-heading\" data-id=\"7bac6a9\" data-element_type=\"widget\" data-e-type=\"widget\" data-widget_type=\"heading.default\">\n\t\t\t\t<div class=\"elementor-widget-container\">\n\t\t\t\t\t<h3 class=\"elementor-heading-title elementor-size-default\">La Roue est dans le sac !<\/h3>\t\t\t\t<\/div>\n\t\t\t\t<\/div>\n\t\t\t\t<div class=\"elementor-element elementor-element-4ae2048 elementor-widget elementor-widget-heading\" data-id=\"4ae2048\" data-element_type=\"widget\" data-e-type=\"widget\" data-widget_type=\"heading.default\">\n\t\t\t\t<div class=\"elementor-widget-container\">\n\t\t\t\t\t<h2 class=\"elementor-heading-title elementor-size-default\">LA R\u00c9F\u00c9RENCE EST \u00c9TABLIE. VOUS \u00caTES COUVERTS !<\/h2>\t\t\t\t<\/div>\n\t\t\t\t<\/div>\n\t\t\t\t<\/div>\n\t\t\t\t\t<\/div>\n\t\t\t\t<\/div>\n\t\t<div class=\"elementor-element elementor-element-e064407 e-flex e-con-boxed e-con e-child\" data-id=\"e064407\" data-element_type=\"container\" data-e-type=\"container\">\n\t\t\t\t\t<div class=\"e-con-inner\">\n\t\t<div class=\"elementor-element elementor-element-3a97d79 e-con-full e-flex e-con e-child\" data-id=\"3a97d79\" data-element_type=\"container\" data-e-type=\"container\">\n\t\t\t\t<div class=\"elementor-element elementor-element-6ed3725 elementor-widget elementor-widget-image\" data-id=\"6ed3725\" data-element_type=\"widget\" data-e-type=\"widget\" data-widget_type=\"image.default\">\n\t\t\t\t<div class=\"elementor-widget-container\">\n\t\t\t\t\t\t\t\t\t\t\t\t\t\t\t<img fetchpriority=\"high\" decoding=\"async\" width=\"1200\" height=\"896\" src=\"https:\/\/artwheels.ca\/wp-content\/uploads\/2024\/06\/artw_who_man_01.png\" class=\"attachment-full size-full wp-image-2280\" alt=\"\" srcset=\"https:\/\/artwheels.ca\/wp-content\/uploads\/2024\/06\/artw_who_man_01.png 1200w, https:\/\/artwheels.ca\/wp-content\/uploads\/2024\/06\/artw_who_man_01-300x224.png 300w, https:\/\/artwheels.ca\/wp-content\/uploads\/2024\/06\/artw_who_man_01-1024x765.png 1024w, https:\/\/artwheels.ca\/wp-content\/uploads\/2024\/06\/artw_who_man_01-768x573.png 768w, https:\/\/artwheels.ca\/wp-content\/uploads\/2024\/06\/artw_who_man_01-16x12.png 16w, https:\/\/artwheels.ca\/wp-content\/uploads\/2024\/06\/artw_who_man_01-600x448.png 600w\" sizes=\"(max-width: 1200px) 100vw, 1200px\" \/>\t\t\t\t\t\t\t\t\t\t\t\t\t\t\t<\/div>\n\t\t\t\t<\/div>\n\t\t\t\t<\/div>\n\t\t<div class=\"elementor-element elementor-element-4c0dc0c e-con-full e-flex e-con e-child\" data-id=\"4c0dc0c\" data-element_type=\"container\" data-e-type=\"container\">\n\t\t\t\t<div class=\"elementor-element elementor-element-130fa39 elementor-widget elementor-widget-heading\" data-id=\"130fa39\" data-element_type=\"widget\" data-e-type=\"widget\" data-widget_type=\"heading.default\">\n\t\t\t\t<div class=\"elementor-widget-container\">\n\t\t\t\t\t<h3 class=\"elementor-heading-title elementor-size-default\">Roues moul\u00e9es \u00e0 basse pression<\/h3>\t\t\t\t<\/div>\n\t\t\t\t<\/div>\n\t\t\t\t<div class=\"elementor-element elementor-element-ee14ff6 elementor-drop-cap-yes elementor-drop-cap-view-default elementor-widget elementor-widget-text-editor\" data-id=\"ee14ff6\" data-element_type=\"widget\" data-e-type=\"widget\" data-settings=\"{&quot;drop_cap&quot;:&quot;yes&quot;}\" data-widget_type=\"text-editor.default\">\n\t\t\t\t<div class=\"elementor-widget-container\">\n\t\t\t\t\t\t\t\t\t<p>D\u00e9couvrez le nec plus ultra de la technologie des roues avec nos roues moul\u00e9es \u00e0 basse pression. Contrairement \u00e0 d'autres entreprises qui se contentent d'une coul\u00e9e par gravit\u00e9 standard, nous faisons passer nos roues au niveau sup\u00e9rieur, ce qui se traduit par un produit sup\u00e9rieur qui se targue d'une plus grande r\u00e9sistance, d'une meilleure durabilit\u00e9 et d'une pr\u00e9cision in\u00e9gal\u00e9e.<\/p><p>De plus, notre processus de coul\u00e9e \u00e0 basse pression permet un haut degr\u00e9 de personnalisation, garantissant que vos roues sont adapt\u00e9es \u00e0 vos sp\u00e9cifications exactes. Optez pour ce qu'il y a de mieux - choisissez nos roues moul\u00e9es \u00e0 basse pression pour une conduite vraiment exceptionnelle.<\/p>\t\t\t\t\t\t\t\t<\/div>\n\t\t\t\t<\/div>\n\t\t\t\t<\/div>\n\t\t\t\t\t<\/div>\n\t\t\t\t<\/div>\n\t\t<div class=\"elementor-element elementor-element-5c4043f e-flex e-con-boxed e-con e-child\" data-id=\"5c4043f\" data-element_type=\"container\" data-e-type=\"container\">\n\t\t\t\t\t<div class=\"e-con-inner\">\n\t\t<div class=\"elementor-element elementor-element-27ed6d1 e-con-full e-flex e-con e-child\" data-id=\"27ed6d1\" data-element_type=\"container\" data-e-type=\"container\">\n\t\t\t\t<div class=\"elementor-element elementor-element-d792cfa elementor-widget elementor-widget-image\" data-id=\"d792cfa\" data-element_type=\"widget\" data-e-type=\"widget\" data-widget_type=\"image.default\">\n\t\t\t\t<div class=\"elementor-widget-container\">\n\t\t\t\t\t\t\t\t\t\t\t\t\t\t\t<img decoding=\"async\" width=\"1200\" height=\"896\" src=\"https:\/\/artwheels.ca\/wp-content\/uploads\/2024\/06\/artw_who_man_02.png\" class=\"attachment-full size-full wp-image-2281\" alt=\"\" srcset=\"https:\/\/artwheels.ca\/wp-content\/uploads\/2024\/06\/artw_who_man_02.png 1200w, https:\/\/artwheels.ca\/wp-content\/uploads\/2024\/06\/artw_who_man_02-300x224.png 300w, https:\/\/artwheels.ca\/wp-content\/uploads\/2024\/06\/artw_who_man_02-1024x765.png 1024w, https:\/\/artwheels.ca\/wp-content\/uploads\/2024\/06\/artw_who_man_02-768x573.png 768w, https:\/\/artwheels.ca\/wp-content\/uploads\/2024\/06\/artw_who_man_02-16x12.png 16w, https:\/\/artwheels.ca\/wp-content\/uploads\/2024\/06\/artw_who_man_02-600x448.png 600w\" sizes=\"(max-width: 1200px) 100vw, 1200px\" \/>\t\t\t\t\t\t\t\t\t\t\t\t\t\t\t<\/div>\n\t\t\t\t<\/div>\n\t\t\t\t<\/div>\n\t\t<div class=\"elementor-element elementor-element-06b3c05 e-con-full e-flex e-con e-child\" data-id=\"06b3c05\" data-element_type=\"container\" data-e-type=\"container\">\n\t\t\t\t<div class=\"elementor-element elementor-element-c387075 elementor-widget elementor-widget-heading\" data-id=\"c387075\" data-element_type=\"widget\" data-e-type=\"widget\" data-widget_type=\"heading.default\">\n\t\t\t\t<div class=\"elementor-widget-container\">\n\t\t\t\t\t<h3 class=\"elementor-heading-title elementor-size-default\">Flow Form, forg\u00e9e rotative, baril ou semi forg\u00e9e<\/h3>\t\t\t\t<\/div>\n\t\t\t\t<\/div>\n\t\t\t\t<div class=\"elementor-element elementor-element-8c7782a elementor-drop-cap-yes elementor-drop-cap-view-default elementor-widget elementor-widget-text-editor\" data-id=\"8c7782a\" data-element_type=\"widget\" data-e-type=\"widget\" data-settings=\"{&quot;drop_cap&quot;:&quot;yes&quot;}\" data-widget_type=\"text-editor.default\">\n\t\t\t\t<div class=\"elementor-widget-container\">\n\t\t\t\t\t\t\t\t\t<p>Appelez-les comme vous voulez, le processus est le m\u00eame. De plus en plus de roues de notre gamme utilisent cette technique de production. Les roues Flow-Formed offrent ces avantages et sont fabriqu\u00e9es en plusieurs \u00e9tapes :<\/p><ul><li>De la chaleur et de la pression sont appliqu\u00e9es au baril de la roue.<\/li><li>Le baril de la roue est ensuite \u00e9tir\u00e9.<\/li><li>Le r\u00e9sultat est une roue plus l\u00e9g\u00e8re, plus r\u00e9sistante et de meilleure qualit\u00e9.<\/li><\/ul>\t\t\t\t\t\t\t\t<\/div>\n\t\t\t\t<\/div>\n\t\t\t\t<\/div>\n\t\t\t\t\t<\/div>\n\t\t\t\t<\/div>\n\t\t<div class=\"elementor-element elementor-element-6afef87 e-flex e-con-boxed e-con e-child\" data-id=\"6afef87\" data-element_type=\"container\" data-e-type=\"container\">\n\t\t\t\t\t<div class=\"e-con-inner\">\n\t\t<div class=\"elementor-element elementor-element-02433f4 e-con-full e-flex e-con e-child\" data-id=\"02433f4\" data-element_type=\"container\" data-e-type=\"container\">\n\t\t\t\t<div class=\"elementor-element elementor-element-f6d3317 elementor-widget elementor-widget-image\" data-id=\"f6d3317\" data-element_type=\"widget\" data-e-type=\"widget\" data-widget_type=\"image.default\">\n\t\t\t\t<div class=\"elementor-widget-container\">\n\t\t\t\t\t\t\t\t\t\t\t\t\t\t\t<img decoding=\"async\" width=\"1200\" height=\"896\" src=\"https:\/\/artwheels.ca\/wp-content\/uploads\/2024\/06\/artw_who_man_03.png\" class=\"attachment-full size-full wp-image-2282\" alt=\"\" srcset=\"https:\/\/artwheels.ca\/wp-content\/uploads\/2024\/06\/artw_who_man_03.png 1200w, https:\/\/artwheels.ca\/wp-content\/uploads\/2024\/06\/artw_who_man_03-300x224.png 300w, https:\/\/artwheels.ca\/wp-content\/uploads\/2024\/06\/artw_who_man_03-1024x765.png 1024w, https:\/\/artwheels.ca\/wp-content\/uploads\/2024\/06\/artw_who_man_03-768x573.png 768w, https:\/\/artwheels.ca\/wp-content\/uploads\/2024\/06\/artw_who_man_03-16x12.png 16w, https:\/\/artwheels.ca\/wp-content\/uploads\/2024\/06\/artw_who_man_03-600x448.png 600w, https:\/\/artwheels.ca\/wp-content\/uploads\/2024\/06\/artw_who_man_03-64x48.png 64w\" sizes=\"(max-width: 1200px) 100vw, 1200px\" \/>\t\t\t\t\t\t\t\t\t\t\t\t\t\t\t<\/div>\n\t\t\t\t<\/div>\n\t\t\t\t<\/div>\n\t\t<div class=\"elementor-element elementor-element-02878f8 e-con-full e-flex e-con e-child\" data-id=\"02878f8\" data-element_type=\"container\" data-e-type=\"container\">\n\t\t\t\t<div class=\"elementor-element elementor-element-090f9a8 elementor-widget elementor-widget-heading\" data-id=\"090f9a8\" data-element_type=\"widget\" data-e-type=\"widget\" data-widget_type=\"heading.default\">\n\t\t\t\t<div class=\"elementor-widget-container\">\n\t\t\t\t\t<h3 class=\"elementor-heading-title elementor-size-default\">Nos standards de production<\/h3>\t\t\t\t<\/div>\n\t\t\t\t<\/div>\n\t\t\t\t<div class=\"elementor-element elementor-element-33f590c elementor-drop-cap-yes elementor-drop-cap-view-default elementor-widget elementor-widget-text-editor\" data-id=\"33f590c\" data-element_type=\"widget\" data-e-type=\"widget\" data-settings=\"{&quot;drop_cap&quot;:&quot;yes&quot;}\" data-widget_type=\"text-editor.default\">\n\t\t\t\t<div class=\"elementor-widget-container\">\n\t\t\t\t\t\t\t\t\t<p>Roulez en toute confiance, sachant que nos roues sont fabriqu\u00e9es selon les normes les plus \u00e9lev\u00e9es de l'industrie. Notre processus de production est certifi\u00e9 conforme ou sup\u00e9rieur aux normes JWL ou SAE J2530, ce qui garantit que chaque roue r\u00e9pond aux tests rigoureux d'adh\u00e9rence, d'\u00e9paisseur et de durabilit\u00e9 de la peinture, m\u00eame dans les conditions routi\u00e8res canadiennes les plus difficiles. Et comme nos roues sont test\u00e9es pour d\u00e9passer les exigences de charge nominale de l'\u00e9quipement d'origine, vous pouvez \u00eatre s\u00fbr qu'elles fonctionneront parfaitement, que vous rouliez sur l'autoroute ou que vous naviguiez sur un terrain accident\u00e9.<\/p>\t\t\t\t\t\t\t\t<\/div>\n\t\t\t\t<\/div>\n\t\t\t\t<\/div>\n\t\t\t\t\t<\/div>\n\t\t\t\t<\/div>\n\t\t\t\t<\/div>\n\t\t\t\t\t<\/div>\n\t\t\t\t<\/div>\n\t\t\t\t<\/div>","protected":false},"excerpt":{"rendered":"<p>Why Us? In a Sea of Wheels, ART Wheels Stands Out! And Here is Why&#8230; Follow Us Facebook Youtube Linkedin Our wheels offer an unparalleled combination of quality, affordability, and customization options, making them the perfect choice for customers seeking to upgrade their vehicle&#8217;s appearance without breaking the bank. They are crafted with precision and [&hellip;]<\/p>\n","protected":false},"author":1,"featured_media":0,"parent":0,"menu_order":0,"comment_status":"closed","ping_status":"closed","template":"","meta":{"site-sidebar-layout":"no-sidebar","site-content-layout":"page-builder","ast-site-content-layout":"default","site-content-style":"default","site-sidebar-style":"default","ast-global-header-display":"","ast-banner-title-visibility":"","ast-main-header-display":"","ast-hfb-above-header-display":"","ast-hfb-below-header-display":"","ast-hfb-mobile-header-display":"","site-post-title":"disabled","ast-breadcrumbs-content":"","ast-featured-img":"disabled","footer-sml-layout":"","ast-disable-related-posts":"","theme-transparent-header-meta":"enabled","adv-header-id-meta":"","stick-header-meta":"","header-above-stick-meta":"","header-main-stick-meta":"","header-below-stick-meta":"","astra-migrate-meta-layouts":"default","ast-page-background-enabled":"default","ast-page-background-meta":{"desktop":{"background-color":"","background-image":"","background-repeat":"repeat","background-position":"center center","background-size":"auto","background-attachment":"scroll","background-type":"","background-media":"","overlay-type":"","overlay-color":"","overlay-opacity":"","overlay-gradient":""},"tablet":{"background-color":"","background-image":"","background-repeat":"repeat","background-position":"center center","background-size":"auto","background-attachment":"scroll","background-type":"","background-media":"","overlay-type":"","overlay-color":"","overlay-opacity":"","overlay-gradient":""},"mobile":{"background-color":"","background-image":"","background-repeat":"repeat","background-position":"center center","background-size":"auto","background-attachment":"scroll","background-type":"","background-media":"","overlay-type":"","overlay-color":"","overlay-opacity":"","overlay-gradient":""}},"ast-content-background-meta":{"desktop":{"background-color":"var(--ast-global-color-5)","background-image":"","background-repeat":"repeat","background-position":"center center","background-size":"auto","background-attachment":"scroll","background-type":"","background-media":"","overlay-type":"","overlay-color":"","overlay-opacity":"","overlay-gradient":""},"tablet":{"background-color":"var(--ast-global-color-5)","background-image":"","background-repeat":"repeat","background-position":"center center","background-size":"auto","background-attachment":"scroll","background-type":"","background-media":"","overlay-type":"","overlay-color":"","overlay-opacity":"","overlay-gradient":""},"mobile":{"background-color":"var(--ast-global-color-5)","background-image":"","background-repeat":"repeat","background-position":"center center","background-size":"auto","background-attachment":"scroll","background-type":"","background-media":"","overlay-type":"","overlay-color":"","overlay-opacity":"","overlay-gradient":""}},"footnotes":""},"class_list":["post-771","page","type-page","status-publish","hentry"],"_links":{"self":[{"href":"https:\/\/artwheels.ca\/fr\/wp-json\/wp\/v2\/pages\/771","targetHints":{"allow":["GET"]}}],"collection":[{"href":"https:\/\/artwheels.ca\/fr\/wp-json\/wp\/v2\/pages"}],"about":[{"href":"https:\/\/artwheels.ca\/fr\/wp-json\/wp\/v2\/types\/page"}],"author":[{"embeddable":true,"href":"https:\/\/artwheels.ca\/fr\/wp-json\/wp\/v2\/users\/1"}],"replies":[{"embeddable":true,"href":"https:\/\/artwheels.ca\/fr\/wp-json\/wp\/v2\/comments?post=771"}],"version-history":[{"count":362,"href":"https:\/\/artwheels.ca\/fr\/wp-json\/wp\/v2\/pages\/771\/revisions"}],"predecessor-version":[{"id":3478,"href":"https:\/\/artwheels.ca\/fr\/wp-json\/wp\/v2\/pages\/771\/revisions\/3478"}],"wp:attachment":[{"href":"https:\/\/artwheels.ca\/fr\/wp-json\/wp\/v2\/media?parent=771"}],"curies":[{"name":"wp","href":"https:\/\/api.w.org\/{rel}","templated":true}]}}